{"id":1149,"date":"2017-07-24T15:19:14","date_gmt":"2017-07-24T13:19:14","guid":{"rendered":"http:\/\/www.munichtransfers.de?page_id=1149"},"modified":"2018-05-18T09:33:42","modified_gmt":"2018-05-18T07:33:42","slug":"imprint","status":"publish","type":"page","link":"https:\/\/www.munichtransfers.de\/en\/imprint","title":{"rendered":"Imprint"},"content":{"rendered":"\n\t\t<section  class=\"content-section    pt-40-xs pb-40-xs pt-50-md pb-50-md pt-70-lg pb-70-lg  mb-20-xs mb-30-sm  \" >\n\n\t\t\t<div class=\"row   \">\n\n\t\t\t\t[vc_column][vc_column_text]<strong>Imprint<\/strong><\/p>\n<p><strong>Angaben gem\u00e4\u00df \u00a7 5 TMG:<\/strong><br \/>\nMietwagenunternehmen<br \/>\nTarek Hosni<br \/>\nMeyerbeerstr. 24<br \/>\n81247 M\u00fcnchen<\/p>\n<p><strong>Kontakt:<\/strong><br \/>\nTelefon: <a title=\"Chauffeur anrufen\" href=\"tel:+498938012907\">+49 (0)89 \/ 380 129 07<\/a><\/p>\n<p>E-Mail: info (at) munichtransfers.de<\/p>\n<p>Umsatzsteuer-Identifikationsnummer gem\u00e4\u00df \u00a727 a Umsatzsteuergesetz:<br \/>\nDE236416766<\/p>\n<p>Wir sind nicht bereit oder verpflichtet, an Streitbeilegungsverfahren vor einer Verbraucherschlichtungsstelle teilzunehmen.<\/p>\n<p><strong>Haftung f\u00fcr Inhalte<\/strong><br \/>\nAls Diensteanbieter sind wir gem\u00e4\u00df \u00a7 7 Abs.1 TMG f\u00fcr eigene Inhalte auf diesen Seiten nach den allgemeinen Gesetzen verantwortlich. Nach \u00a7\u00a7 8 bis 10 TMG sind wir als Diensteanbieter jedoch nicht verpflichtet, \u00fcbermittelte oder gespeicherte fremde Informationen zu \u00fcberwachen oder nach Umst\u00e4nden zu forschen, die auf eine rechtswidrige T\u00e4tigkeit hinweisen.<\/p>\n<p>Verpflichtungen zur Entfernung oder Sperrung der Nutzung von Informationen nach den allgemeinen Gesetzen bleiben hiervon unber\u00fchrt. Eine diesbez\u00fcgliche Haftung ist jedoch erst ab dem Zeitpunkt der Kenntnis einer konkreten Rechtsverletzung m\u00f6glich. Bei Bekanntwerden von entsprechenden Rechtsverletzungen werden wir diese Inhalte umgehend entfernen.<\/p>\n<p><strong>Haftung f\u00fcr Links<\/strong><br \/>\nUnser Angebot enth\u00e4lt Links zu externen Webseiten Dritter, auf deren Inhalte wir keinen Einfluss haben. Deshalb k\u00f6nnen wir f\u00fcr diese fremden Inhalte auch keine Gew\u00e4hr \u00fcbernehmen. F\u00fcr die Inhalte der verlinkten Seiten ist stets der jeweilige Anbieter oder Betreiber der Seiten verantwortlich. Die verlinkten Seiten wurden zum Zeitpunkt der Verlinkung auf m\u00f6gliche Rechtsverst\u00f6\u00dfe \u00fcberpr\u00fcft. Rechtswidrige Inhalte waren zum Zeitpunkt der Verlinkung nicht erkennbar. Eine permanenteinhaltliche Kontrolle der verlinkten Seiten ist jedoch ohne konkrete Anhaltspunkte einer Rechtsverletzung\u00a0nicht zumutbar. Bei Bekanntwerden von Rechtsverletzungen werden wir derartige Links umgehend entfernen.<\/p>\n<p><strong>Urheberrecht<\/strong><br \/>\nDie durch die Seitenbetreiber erstellten Inhalte und Werke auf diesen Seiten unterliegen dem deutschen Urheberrecht. Die Vervielf\u00e4ltigung, Bearbeitung, Verbreitung und jede Art der Verwertung au\u00dferhalb der Grenzen des Urheberrechtes bed\u00fcrfen der schriftlichen Zustimmung des jeweiligen Autors bzw. Erstellers. Downloads und Kopien dieser Seite sind nur f\u00fcr den privaten, nicht kommerziellen Gebrauch gestattet.<\/p>\n<p>Soweit die Inhalte auf dieser Seite nicht vom Betreiber erstellt wurden, werden die Urheberrechte Dritter beachtet. Insbesondere werden Inhalte Dritter als solche gekennzeichnet. Sollten Sie trotzdem auf eine Urheberrechtsverletzung\u00a0aufmerksam werden, bitten wir um einen entsprechenden Hinweis.<br \/>\nBei Bekanntwerden von Rechtsverletzungen werden wir derartige Inhalte umgehend entfernen.<\/p>\n<p>Quelle: <a href=\"https:\/\/www.e-recht24.de\" target=\"_blank\" rel=\"noopener noreferrer\">eRecht24<\/a><\/p>\n<p><strong>Bildnachweise:<\/strong><\/p>\n<p>https:\/\/de.fotolia.com\/id\/143573178<br \/>\nDatei: #143573178 | Urheber: Kavalenkava<\/p>\n<p>https:\/\/de.fotolia.com\/id\/125753649<br \/>\nDatei: #125753649 | Urheber: rcfotostock<\/p>\n<p>https:\/\/de.fotolia.com\/id\/86956226<br \/>\nDatei: #86956226 | Urheber: Aycatcher<\/p>\n<p>https:\/\/de.fotolia.com\/id\/119619738<br \/>\nDatei: #119619738 | Urheber: anyaberkut<\/p>\n<p>https:\/\/de.fotolia.com\/id\/147023836<br \/>\nDatei: #147023836 | Urheber: Rawpixel.com<\/p>\n<p><strong>Website Development:<\/strong><br \/>\n<a title=\"WordPress Freelancer\" href=\"https:\/\/www.gedankenstube.de\/wordpress-muenchen\" target=\"_blank\" rel=\"noopener\">gedankenstube.de<\/a> &amp; <a title=\"WordPress Programmierer\" href=\"https:\/\/www.lake-studio.de\" target=\"_blank\" rel=\"noopener\">lake-studio.de<\/a>[\/vc_column_text][\/vc_column]\n\t\t\t<\/div>\n\n\t\t\t\n\t\t\t\n\t\t\t\n\t\t\t\n\t\t<\/section>\n\n\t\n","protected":false},"excerpt":{"rendered":"[vc_column][vc_column_text]Imprint Angaben gem\u00e4\u00df \u00a7 5 TMG: Mietwagenunternehmen Tarek Hosni Meyerbeerstr. 24 81247 M\u00fcnchen Kontakt: Telefon: +49 (0)89 \/ 380 129 07 E-Mail: info (at) munichtransfers.de Umsatzsteuer-Identifikationsnummer gem\u00e4\u00df \u00a727 a Umsatzsteuergesetz: DE236416766 Wir sind nicht bereit oder verpflichtet, an Streitbeilegungsverfahren vor einer Verbraucherschlichtungsstelle teilzunehmen. Haftung f\u00fcr Inhalte Als Diensteanbieter sind wir <a class=\"moretag\" href=\"https:\/\/www.munichtransfers.de\/en\/imprint\">read more...<\/a>","protected":false},"author":4,"featured_media":0,"parent":0,"menu_order":23,"comment_status":"closed","ping_status":"closed","template":"","meta":{"_acf_changed":false,"footnotes":""},"class_list":["post-1149","page","type-page","status-publish","hentry"],"acf":[],"yoast_head":"<!-- This site is optimized with the Yoast SEO plugin v27.5 - https:\/\/yoast.com\/product\/yoast-seo-wordpress\/ -->\n<title>Imprint Mietwagenunternehmen Tarek Hosni - Munich Transfers<\/title>\n<meta name=\"description\" content=\"Imprint Mietwagenunternehmen Tarek Hosni, Meyerbeerstr. 24, 81247 Munich Contact: \u2706 +49 (0)89 \/ 380 129 07\" \/>\n<meta name=\"robots\" content=\"index, follow, max-snippet:-1, max-image-preview:large, max-video-preview:-1\" \/>\n<link rel=\"canonical\" href=\"https:\/\/www.munichtransfers.de\/en\/imprint\" \/>\n<meta property=\"og:locale\" content=\"en_US\" \/>\n<meta property=\"og:type\" content=\"article\" \/>\n<meta property=\"og:title\" content=\"Imprint Mietwagenunternehmen Tarek Hosni - Munich Transfers\" \/>\n<meta property=\"og:description\" content=\"Imprint Mietwagenunternehmen Tarek Hosni, Meyerbeerstr. 24, 81247 Munich Contact: \u2706 +49 (0)89 \/ 380 129 07\" \/>\n<meta property=\"og:url\" content=\"https:\/\/www.munichtransfers.de\/en\/imprint\" \/>\n<meta property=\"og:site_name\" content=\"Munich Transfers\" \/>\n<meta property=\"article:modified_time\" content=\"2018-05-18T07:33:42+00:00\" \/>\n<meta name=\"twitter:card\" content=\"summary_large_image\" \/>\n<meta name=\"twitter:label1\" content=\"Est. reading time\" \/>\n\t<meta name=\"twitter:data1\" content=\"2 minutes\" \/>\n<script type=\"application\/ld+json\" class=\"yoast-schema-graph\">{\"@context\":\"https:\\\/\\\/schema.org\",\"@graph\":[{\"@type\":\"WebPage\",\"@id\":\"https:\\\/\\\/www.munichtransfers.de\\\/en\\\/imprint\",\"url\":\"https:\\\/\\\/www.munichtransfers.de\\\/en\\\/imprint\",\"name\":\"Imprint Mietwagenunternehmen Tarek Hosni - Munich Transfers\",\"isPartOf\":{\"@id\":\"https:\\\/\\\/www.munichtransfers.de\\\/#website\"},\"datePublished\":\"2017-07-24T13:19:14+00:00\",\"dateModified\":\"2018-05-18T07:33:42+00:00\",\"description\":\"Imprint Mietwagenunternehmen Tarek Hosni, Meyerbeerstr. 24, 81247 Munich Contact: \u2706 +49 (0)89 \\\/ 380 129 07\",\"breadcrumb\":{\"@id\":\"https:\\\/\\\/www.munichtransfers.de\\\/en\\\/imprint#breadcrumb\"},\"inLanguage\":\"en-US\",\"potentialAction\":[{\"@type\":\"ReadAction\",\"target\":[\"https:\\\/\\\/www.munichtransfers.de\\\/en\\\/imprint\"]}]},{\"@type\":\"BreadcrumbList\",\"@id\":\"https:\\\/\\\/www.munichtransfers.de\\\/en\\\/imprint#breadcrumb\",\"itemListElement\":[{\"@type\":\"ListItem\",\"position\":1,\"name\":\"Startseite\",\"item\":\"https:\\\/\\\/www.munichtransfers.de\\\/en\"},{\"@type\":\"ListItem\",\"position\":2,\"name\":\"Imprint\"}]},{\"@type\":\"WebSite\",\"@id\":\"https:\\\/\\\/www.munichtransfers.de\\\/#website\",\"url\":\"https:\\\/\\\/www.munichtransfers.de\\\/\",\"name\":\"Munich Transfers\",\"description\":\"Limousinenservice Chauffeurservice M\u00fcnchen\",\"potentialAction\":[{\"@type\":\"SearchAction\",\"target\":{\"@type\":\"EntryPoint\",\"urlTemplate\":\"https:\\\/\\\/www.munichtransfers.de\\\/?s={search_term_string}\"},\"query-input\":{\"@type\":\"PropertyValueSpecification\",\"valueRequired\":true,\"valueName\":\"search_term_string\"}}],\"inLanguage\":\"en-US\"}]}<\/script>\n<!-- \/ Yoast SEO plugin. -->","yoast_head_json":{"title":"Imprint Mietwagenunternehmen Tarek Hosni - Munich Transfers","description":"Imprint Mietwagenunternehmen Tarek Hosni, Meyerbeerstr. 24, 81247 Munich Contact: \u2706 +49 (0)89 \/ 380 129 07","robots":{"index":"index","follow":"follow","max-snippet":"max-snippet:-1","max-image-preview":"max-image-preview:large","max-video-preview":"max-video-preview:-1"},"canonical":"https:\/\/www.munichtransfers.de\/en\/imprint","og_locale":"en_US","og_type":"article","og_title":"Imprint Mietwagenunternehmen Tarek Hosni - Munich Transfers","og_description":"Imprint Mietwagenunternehmen Tarek Hosni, Meyerbeerstr. 24, 81247 Munich Contact: \u2706 +49 (0)89 \/ 380 129 07","og_url":"https:\/\/www.munichtransfers.de\/en\/imprint","og_site_name":"Munich Transfers","article_modified_time":"2018-05-18T07:33:42+00:00","twitter_card":"summary_large_image","twitter_misc":{"Est. reading time":"2 minutes"},"schema":{"@context":"https:\/\/schema.org","@graph":[{"@type":"WebPage","@id":"https:\/\/www.munichtransfers.de\/en\/imprint","url":"https:\/\/www.munichtransfers.de\/en\/imprint","name":"Imprint Mietwagenunternehmen Tarek Hosni - Munich Transfers","isPartOf":{"@id":"https:\/\/www.munichtransfers.de\/#website"},"datePublished":"2017-07-24T13:19:14+00:00","dateModified":"2018-05-18T07:33:42+00:00","description":"Imprint Mietwagenunternehmen Tarek Hosni, Meyerbeerstr. 24, 81247 Munich Contact: \u2706 +49 (0)89 \/ 380 129 07","breadcrumb":{"@id":"https:\/\/www.munichtransfers.de\/en\/imprint#breadcrumb"},"inLanguage":"en-US","potentialAction":[{"@type":"ReadAction","target":["https:\/\/www.munichtransfers.de\/en\/imprint"]}]},{"@type":"BreadcrumbList","@id":"https:\/\/www.munichtransfers.de\/en\/imprint#breadcrumb","itemListElement":[{"@type":"ListItem","position":1,"name":"Startseite","item":"https:\/\/www.munichtransfers.de\/en"},{"@type":"ListItem","position":2,"name":"Imprint"}]},{"@type":"WebSite","@id":"https:\/\/www.munichtransfers.de\/#website","url":"https:\/\/www.munichtransfers.de\/","name":"Munich Transfers","description":"Limousinenservice Chauffeurservice M\u00fcnchen","potentialAction":[{"@type":"SearchAction","target":{"@type":"EntryPoint","urlTemplate":"https:\/\/www.munichtransfers.de\/?s={search_term_string}"},"query-input":{"@type":"PropertyValueSpecification","valueRequired":true,"valueName":"search_term_string"}}],"inLanguage":"en-US"}]}},"_links":{"self":[{"href":"https:\/\/www.munichtransfers.de\/en\/wp-json\/wp\/v2\/pages\/1149","targetHints":{"allow":["GET"]}}],"collection":[{"href":"https:\/\/www.munichtransfers.de\/en\/wp-json\/wp\/v2\/pages"}],"about":[{"href":"https:\/\/www.munichtransfers.de\/en\/wp-json\/wp\/v2\/types\/page"}],"author":[{"embeddable":true,"href":"https:\/\/www.munichtransfers.de\/en\/wp-json\/wp\/v2\/users\/4"}],"replies":[{"embeddable":true,"href":"https:\/\/www.munichtransfers.de\/en\/wp-json\/wp\/v2\/comments?post=1149"}],"version-history":[{"count":1,"href":"https:\/\/www.munichtransfers.de\/en\/wp-json\/wp\/v2\/pages\/1149\/revisions"}],"predecessor-version":[{"id":1695,"href":"https:\/\/www.munichtransfers.de\/en\/wp-json\/wp\/v2\/pages\/1149\/revisions\/1695"}],"wp:attachment":[{"href":"https:\/\/www.munichtransfers.de\/en\/wp-json\/wp\/v2\/media?parent=1149"}],"curies":[{"name":"wp","href":"https:\/\/api.w.org\/{rel}","templated":true}]}}